{"id":3348,"date":"2024-09-23T08:50:37","date_gmt":"2024-09-23T08:50:37","guid":{"rendered":"https:\/\/vila-catarina.com\/?page_id=3348"},"modified":"2026-01-27T10:53:29","modified_gmt":"2026-01-27T10:53:29","slug":"promotions","status":"publish","type":"page","link":"https:\/\/vila-catarina.com\/pt\/promotions\/","title":{"rendered":"Promo\u00e7\u00f5es"},"content":{"rendered":"<p>[vc_row equal_height=&#8221;yes&#8221;][vc_column]<div style=\"clear:both; width:100%; height:40px\"><\/div>\t\t<div class=\"homey-module module-title section-title-module text-center homey-section-title-light\">\r\n\t\t\t<h2 style=\"font-size: 28px; \">Promo\u00e7\u00f5es dispon\u00edveis<\/h2>\r\n\r\n\t\t\t<p  class=\"sub-heading\">Reserve diretamente connosco para garantir os melhores pre\u00e7os! Aproveite as nossas campanhas em curso, que oferecem descontos de acordo com a anteced\u00eancia da reserva e a dura\u00e7\u00e3o da estadia.<\/p>\r\n\t\t<\/div>\r\n\t\t<div style=\"clear:both; width:100%; height:30px\"><\/div>[vc_row_inner equal_height=&#8221;yes&#8221; content_placement=&#8221;middle&#8221; disable_element=&#8221;yes&#8221; el_class=&#8221;promos&#8221;][vc_column_inner width=&#8221;1\/3&#8243;]\t\t<div class=\"item-promo\">\r\n\t\t\t<div class=\"media\">\r\n\t\t\t\t\t\t\t\t<div class=\"media-body item-body\">\r\n\t\t\t\t\t<div class=\"item-title-head\">\r\n\t\t\t\t\t\t<div class=\"text-left\">\r\n\t\t\t\t\t\t\t<h2 class=\"title\">\r\n\t\t\t\t\t\t\t\t<a href=\"https:\/\/web.ynnovbooking.com\/?l=en&#038;apikey=inaqEgYObnDKsWk7BpDV927P4cGmwvdC\">Reserva Antecipada<\/a>\r\n\t\t\t\t\t\t\t<\/h2>\r\n\t\t\t\t\t\t\tPara reservas efetuadas com anteced\u00eancia\u00a0<strong>m\u00ednima<\/strong> <strong>30 dias<\/strong>\u00a0usufrua\u00a0<strong>10% de desconto <\/strong>no total da estadia.\t\t\t\t\t\t<\/div>\r\n\t\t\t\t\t<\/div>\r\n\t\t\t\t\t\t\t\t\t\t<div class=\"item-promo-footer\">\r\n\t\t\t\t\t\t<a href=\"https:\/\/web.ynnovbooking.com\/?l=en&#038;apikey=inaqEgYObnDKsWk7BpDV927P4cGmwvdC\">Reservar<\/a>\r\n\t\t\t\t\t<\/div>\r\n\t\t\t\t\t\t\t\t\t<\/div>\r\n\t\t\t<\/div>\r\n\t\t<\/div>\r\n\r\n\t\t[\/vc_column_inner][vc_column_inner width=&#8221;1\/3&#8243;]\t\t<div class=\"item-promo\">\r\n\t\t\t<div class=\"media\">\r\n\t\t\t\t\t\t\t\t<div class=\"media-body item-body\">\r\n\t\t\t\t\t<div class=\"item-title-head\">\r\n\t\t\t\t\t\t<div class=\"text-left\">\r\n\t\t\t\t\t\t\t<h2 class=\"title\">\r\n\t\t\t\t\t\t\t\t<a href=\"https:\/\/web.ynnovbooking.com\/?l=en&#038;apikey=inaqEgYObnDKsWk7BpDV927P4cGmwvdC\">Estadias Longas<\/a>\r\n\t\t\t\t\t\t\t<\/h2>\r\n\t\t\t\t\t\t\t<\/p>\n<div data-pm-slice=\"1 1 []\" data-en-clipboard=\"true\">\n<p>Em estadias que contemplam um m\u00ednimo de <strong>7 noites<\/strong> usufrua de\u00a0<strong>10% de desconto<\/strong>\u00a0no total da estadia.<\/p>\n<\/div>\n<p>\t\t\t\t\t\t<\/div>\r\n\t\t\t\t\t<\/div>\r\n\t\t\t\t\t\t\t\t\t\t<div class=\"item-promo-footer\">\r\n\t\t\t\t\t\t<a href=\"https:\/\/web.ynnovbooking.com\/?l=en&#038;apikey=inaqEgYObnDKsWk7BpDV927P4cGmwvdC\">Reservar<\/a>\r\n\t\t\t\t\t<\/div>\r\n\t\t\t\t\t\t\t\t\t<\/div>\r\n\t\t\t<\/div>\r\n\t\t<\/div>\r\n\r\n\t\t[\/vc_column_inner][vc_column_inner width=&#8221;1\/3&#8243;]\t\t<div class=\"item-promo\">\r\n\t\t\t<div class=\"media\">\r\n\t\t\t\t\t\t\t\t<div class=\"media-body item-body\">\r\n\t\t\t\t\t<div class=\"item-title-head\">\r\n\t\t\t\t\t\t<div class=\"text-left\">\r\n\t\t\t\t\t\t\t<h2 class=\"title\">\r\n\t\t\t\t\t\t\t\t<a href=\"https:\/\/web.ynnovbooking.com\/?l=en&#038;apikey=inaqEgYObnDKsWk7BpDV927P4cGmwvdC\">Reserva de \u00daltima Hora<\/a>\r\n\t\t\t\t\t\t\t<\/h2>\r\n\t\t\t\t\t\t\t<\/p>\n<div data-pm-slice=\"1 1 []\" data-en-clipboard=\"true\">\n<p id=\"tw-target-text\" class=\"tw-data-text tw-text-large tw-ta\" dir=\"ltr\" data-placeholder=\"Translation\">Aproveite o\u00a0<strong>desconto 5%<\/strong>\u00a0de \u00faltima hora oferecido para reservas efetuadas para\u00a0<strong>os pr\u00f3ximos 5 dias<\/strong>.<\/p>\n<\/div>\n<p>\t\t\t\t\t\t<\/div>\r\n\t\t\t\t\t<\/div>\r\n\t\t\t\t\t\t\t\t\t\t<div class=\"item-promo-footer\">\r\n\t\t\t\t\t\t<a href=\"https:\/\/web.ynnovbooking.com\/?l=en&#038;apikey=inaqEgYObnDKsWk7BpDV927P4cGmwvdC\">Reservar<\/a>\r\n\t\t\t\t\t<\/div>\r\n\t\t\t\t\t\t\t\t\t<\/div>\r\n\t\t\t<\/div>\r\n\t\t<\/div>\r\n\r\n\t\t[\/vc_column_inner][\/vc_row_inner][vc_row_inner equal_height=&#8221;yes&#8221; content_placement=&#8221;middle&#8221; el_class=&#8221;promos&#8221;][vc_column_inner width=&#8221;1\/3&#8243;]\t\t<div class=\"item-promo\">\r\n\t\t\t<div class=\"media\">\r\n\t\t\t\t\t\t\t\t<div class=\"media-body item-body\">\r\n\t\t\t\t\t<div class=\"item-title-head\">\r\n\t\t\t\t\t\t<div class=\"text-left\">\r\n\t\t\t\t\t\t\t<h2 class=\"title\">\r\n\t\t\t\t\t\t\t\t<a href=\"https:\/\/web.ynnovbooking.com\/?l=en&#038;apikey=inaqEgYObnDKsWk7BpDV927P4cGmwvdC\">Estadias Longas<\/a>\r\n\t\t\t\t\t\t\t<\/h2>\r\n\t\t\t\t\t\t\t<\/p>\n<div data-pm-slice=\"1 1 []\" data-en-clipboard=\"true\">\n<p>Em estadias que contemplam um m\u00ednimo de <strong>7 noites<\/strong> usufrua de <strong>5% de desconto<\/strong>\u00a0no total da estadia.<\/p>\n<\/div>\n<p>\t\t\t\t\t\t<\/div>\r\n\t\t\t\t\t<\/div>\r\n\t\t\t\t\t\t\t\t\t\t<div class=\"item-promo-footer\">\r\n\t\t\t\t\t\t<a href=\"https:\/\/web.ynnovbooking.com\/?l=en&#038;apikey=inaqEgYObnDKsWk7BpDV927P4cGmwvdC\">Reservar<\/a>\r\n\t\t\t\t\t<\/div>\r\n\t\t\t\t\t\t\t\t\t<\/div>\r\n\t\t\t<\/div>\r\n\t\t<\/div>\r\n\r\n\t\t[\/vc_column_inner][vc_column_inner width=&#8221;1\/3&#8243;][\/vc_column_inner][vc_column_inner width=&#8221;1\/3&#8243;]\t\t<div class=\"item-promo\">\r\n\t\t\t<div class=\"media\">\r\n\t\t\t\t\t\t\t\t<div class=\"media-body item-body\">\r\n\t\t\t\t\t<div class=\"item-title-head\">\r\n\t\t\t\t\t\t<div class=\"text-left\">\r\n\t\t\t\t\t\t\t<h2 class=\"title\">\r\n\t\t\t\t\t\t\t\t<a href=\"https:\/\/web.ynnovbooking.com\/?l=en&#038;apikey=inaqEgYObnDKsWk7BpDV927P4cGmwvdC\">Reserva de \u00daltima Hora<\/a>\r\n\t\t\t\t\t\t\t<\/h2>\r\n\t\t\t\t\t\t\t<\/p>\n<div data-pm-slice=\"1 1 []\" data-en-clipboard=\"true\">\n<p id=\"tw-target-text\" class=\"tw-data-text tw-text-large tw-ta\" dir=\"ltr\" data-placeholder=\"Translation\">Aproveite o\u00a0<strong>desconto 5%<\/strong>\u00a0de \u00faltima hora oferecido para reservas efetuadas para\u00a0<strong>os pr\u00f3ximos 5 dias<\/strong>.<\/p>\n<\/div>\n<p>\t\t\t\t\t\t<\/div>\r\n\t\t\t\t\t<\/div>\r\n\t\t\t\t\t\t\t\t\t\t<div class=\"item-promo-footer\">\r\n\t\t\t\t\t\t<a href=\"https:\/\/web.ynnovbooking.com\/?l=en&#038;apikey=inaqEgYObnDKsWk7BpDV927P4cGmwvdC\">Reservar<\/a>\r\n\t\t\t\t\t<\/div>\r\n\t\t\t\t\t\t\t\t\t<\/div>\r\n\t\t\t<\/div>\r\n\t\t<\/div>\r\n\r\n\t\t[\/vc_column_inner][\/vc_row_inner][\/vc_column][\/vc_row][vc_row][vc_column]<div style=\"clear:both; width:100%; height:50px\"><\/div>[\/vc_column][\/vc_row][vc_row disable_element=&#8221;yes&#8221;][vc_column]\t\t<div class=\"homey-module module-title section-title-module text-center \">\r\n\t\t\t<h2 >Packs Promocionais<\/h2>\r\n\r\n\t\t\t<p  class=\"sub-heading\"><\/p>\r\n\t\t<\/div>\r\n\t\t<div style=\"clear:both; width:100%; height:30px\"><\/div>[\/vc_column][\/vc_row][vc_row disable_element=&#8221;yes&#8221;][vc_column][vc_row_inner equal_height=&#8221;yes&#8221; el_class=&#8221;promo-box&#8221;][vc_column_inner el_class=&#8221;promo-box&#8221; width=&#8221;1\/3&#8243;]\t\t<div class=\"homey-module module-title section-title-module text-center homey-section-title-light\">\r\n\t\t\t<h2 >Fuga a dois<\/h2>\r\n\r\n\t\t\t<p  class=\"sub-heading\">Fim de semana relaxante no Porto!<\/p>\r\n\t\t<\/div>\r\n\t\t[vc_column_text]<strong>Inclui:<\/strong><\/p>\n<ul style=\"color: #00c7ff;\">\n<li style=\"color: white;\">Estadia de 3 noites com oferta de uma noite<\/li>\n<li style=\"color: white;\">Late check-out (mediante disponibilidade)<\/li>\n<li style=\"color: white;\">Voucher de 10% para uma futura reserva<\/li>\n<\/ul>\n<p><em style=\"font-size: 13px;\"><u>*Promo\u00e7\u00e3o v\u00e1lida de 01\/01 a 31\/03<\/u><\/em>[\/vc_column_text][vc_btn title=&#8221;Reservar&#8221; style=&#8221;classic&#8221; align=&#8221;center&#8221; button_block=&#8221;true&#8221; custom_onclick=&#8221;true&#8221; link=&#8221;url:%23reservar&#8221; custom_onclick_code=&#8221;document.querySelector(&#8216;.pack-select select&#8217;).selectedIndex = 1;&#8221;][\/vc_column_inner][vc_column_inner el_class=&#8221;promo-box&#8221; width=&#8221;1\/3&#8243;]\t\t<div class=\"homey-module module-title section-title-module text-center homey-section-title-light\">\r\n\t\t\t<h2 >Black Friday<\/h2>\r\n\r\n\t\t\t<p  class=\"sub-heading\">Reserve 3 noites e pague apenas 2!<\/p>\r\n\t\t<\/div>\r\n\t\t[vc_column_text]<strong>Inclui:<\/strong><\/p>\n<ul style=\"color: #00c7ff;\">\n<li style=\"color: white;\">Estadia de 3 noites com oferta de uma noite<\/li>\n<li style=\"color: white;\">Pequeno-almo\u00e7o duplo inclu\u00eddo um dos dias<\/li>\n<li style=\"color: white;\">Late check-out (mediante disponibilidade)<\/li>\n<li style=\"color: white;\">Voucher de 10% para uma futura reserva<\/li>\n<\/ul>\n<p><em style=\"font-size: 13px;\"><u>*Promo\u00e7\u00e3o v\u00e1lida de 22\/11 a 27\/12<\/u><\/em><br \/>\n[\/vc_column_text][vc_btn title=&#8221;Reservar&#8221; style=&#8221;classic&#8221; align=&#8221;center&#8221; button_block=&#8221;true&#8221; custom_onclick=&#8221;true&#8221; link=&#8221;url:%23reservar&#8221; custom_onclick_code=&#8221;document.querySelector(&#8216;.pack-select select&#8217;).selectedIndex = 2;&#8221;][\/vc_column_inner][vc_column_inner width=&#8221;1\/3&#8243;]\t\t<div class=\"homey-module module-title section-title-module text-center homey-section-title-light\">\r\n\t\t\t<h2 >Reiveillon<\/h2>\r\n\r\n\t\t\t<p  class=\"sub-heading\">Celebre o Ano Novo connosco!<\/p>\r\n\t\t<\/div>\r\n\t\t[vc_column_text]<strong>Inclui:<\/strong><\/p>\n<ul style=\"color: #00c7ff;\">\n<li style=\"color: white;\">Estadia de 3 noites com oferta de uma noite<\/li>\n<li style=\"color: white;\">Pequeno-almo\u00e7o duplo inclu\u00eddo um dos dias<\/li>\n<li style=\"color: white;\">Late check-out (mediante disponibilidade)<\/li>\n<li style=\"color: white;\">Voucher de 10% para uma futura reserva<\/li>\n<\/ul>\n<p><em style=\"font-size: 13px;\"><u>*Promo\u00e7\u00e3o v\u00e1lida de 27\/12 a 3\/1<\/u><\/em>[\/vc_column_text][vc_btn title=&#8221;Reservar&#8221; style=&#8221;classic&#8221; align=&#8221;center&#8221; button_block=&#8221;true&#8221; custom_onclick=&#8221;true&#8221; link=&#8221;url:%23reservar&#8221; custom_onclick_code=&#8221;document.querySelector(&#8216;.pack-select select&#8217;).selectedIndex = 3;&#8221;][\/vc_column_inner][\/vc_row_inner][\/vc_column][\/vc_row][vc_row][vc_column]<div style=\"clear:both; width:100%; height:50px\"><\/div>[\/vc_column][\/vc_row][vc_row disable_element=&#8221;yes&#8221; el_id=&#8221;reservar&#8221;][vc_column]\t\t<div class=\"homey-module module-title section-title-module text-left \">\r\n\t\t\t<h2 >Fa\u00e7a a sua reserva<\/h2>\r\n\r\n\t\t\t<p  class=\"sub-heading\"><\/p>\r\n\t\t<\/div>\r\n\t\t\n<div class=\"wpcf7 no-js\" id=\"wpcf7-f3801-o1\" lang=\"en-US\" dir=\"ltr\">\n<div class=\"screen-reader-response\"><p role=\"status\" aria-live=\"polite\" aria-atomic=\"true\"><\/p> <ul><\/ul><\/div>\n<form action=\"\/pt\/wp-json\/wp\/v2\/pages\/3348#wpcf7-f3801-o1\" method=\"post\" class=\"wpcf7-form init\" aria-label=\"Contact form\" novalidate=\"novalidate\" data-status=\"init\">\n<div style=\"display: none;\">\n<input type=\"hidden\" name=\"_wpcf7\" value=\"3801\" \/>\n<input type=\"hidden\" name=\"_wpcf7_version\" value=\"5.9\" \/>\n<input type=\"hidden\" name=\"_wpcf7_locale\" value=\"en_US\" \/>\n<input type=\"hidden\" name=\"_wpcf7_unit_tag\" value=\"wpcf7-f3801-o1\" \/>\n<input type=\"hidden\" name=\"_wpcf7_container_post\" value=\"0\" \/>\n<input type=\"hidden\" name=\"_wpcf7_posted_data_hash\" value=\"\" \/>\n<input type=\"hidden\" name=\"_wpcf7_recaptcha_response\" value=\"\" \/>\n<\/div>\n<div class=\"form-group\">\n\t<p><label class=\"required\" for=\"yourName\">Nome<\/label><br \/>\n<span class=\"wpcf7-form-control-wrap\" data-name=\"your-name\"><input size=\"40\" class=\"wpcf7-form-control wpcf7-text wpcf7-validates-as-required form-control\" aria-required=\"true\" aria-invalid=\"false\" value=\"\" type=\"text\" name=\"your-name\" \/><\/span>\n\t<\/p>\n<\/div>\n<div class=\"form-group\">\n\t<p><label class=\"required\" for=\"yourEmail\">Email<\/label><br \/>\n<span class=\"wpcf7-form-control-wrap\" data-name=\"your-email\"><input size=\"40\" class=\"wpcf7-form-control wpcf7-email wpcf7-validates-as-required wpcf7-text wpcf7-validates-as-email form-control\" aria-required=\"true\" aria-invalid=\"false\" value=\"\" type=\"email\" name=\"your-email\" \/><\/span>\n\t<\/p>\n<\/div>\n<div class=\"form-group\">\n\t<p><label class=\"required\" for=\"yourPromo\">Escolha o seu Pack<\/label><br \/>\n<span class=\"wpcf7-form-control-wrap\" data-name=\"your-promo\"><select class=\"wpcf7-form-control wpcf7-select form-control pack-select\" aria-invalid=\"false\" name=\"your-promo\"><option value=\"Escapadinha Fora de \u00c9poca\">Escapadinha Fora de \u00c9poca<\/option><option value=\"Black Friday\">Black Friday<\/option><option value=\"Reiveillon\">Reiveillon<\/option><\/select><\/span>\n\t<\/p>\n<\/div>\n<div class=\"form-group\">\n\t<p><label class=\"required\" for=\"yourMessage\">Mensagem <\/label><br \/>\n<span class=\"wpcf7-form-control-wrap\" data-name=\"your-message\"><textarea cols=\"40\" rows=\"2\" class=\"wpcf7-form-control wpcf7-textarea wpcf7-validates-as-required form-control\" aria-required=\"true\" aria-invalid=\"false\" name=\"your-message\"><\/textarea><\/span>\n\t<\/p>\n<\/div>\n<p><input class=\"wpcf7-form-control wpcf7-submit has-spinner btn btn-primary\" type=\"submit\" value=\"Enviar\" \/>\n<\/p><div class=\"wpcf7-response-output\" aria-hidden=\"true\"><\/div>\n<\/form>\n<\/div>\n[\/vc_column][\/vc_row][vc_row][vc_column]<div style=\"clear:both; width:100%; height:150px\"><\/div>[\/vc_column][\/vc_row]<\/p>\n","protected":false},"excerpt":{"rendered":"<p>[vc_row equal_height=&#8221;yes&#8221;][vc_column][vc_row_inner equal_height=&#8221;yes&#8221; content_placement=&#8221;middle&#8221; disable_element=&#8221;yes&#8221; el_class=&#8221;promos&#8221;][vc_column_inner width=&#8221;1\/3&#8243;][\/vc_column_inner][vc_column_inner width=&#8221;1\/3&#8243;][\/vc_column_inner][vc_column_inner width=&#8221;1\/3&#8243;][\/vc_column_inner][\/vc_row_inner][vc_row_inner equal_height=&#8221;yes&#8221; content_placement=&#8221;middle&#8221; el_class=&#8221;promos&#8221;][vc_column_inner width=&#8221;1\/3&#8243;][\/vc_column_inner][vc_column_inner width=&#8221;1\/3&#8243;][\/vc_column_inner][vc_column_inner width=&#8221;1\/3&#8243;][\/vc_column_inner][\/vc_row_inner][\/vc_column][\/vc_row][vc_row][vc_column][\/vc_column][\/vc_row][vc_row disable_element=&#8221;yes&#8221;][vc_column][\/vc_column][\/vc_row][vc_row disable_element=&#8221;yes&#8221;][vc_column][vc_row_inner equal_height=&#8221;yes&#8221; el_class=&#8221;promo-box&#8221;][vc_column_inner el_class=&#8221;promo-box&#8221; width=&#8221;1\/3&#8243;][vc_column_text]Inclui: Estadia de 3 noites com oferta de uma noite Late check-out (mediante disponibilidade) Voucher de 10% para uma futura reserva *Promo\u00e7\u00e3o v\u00e1lida de 01\/01 a 31\/03[\/vc_column_text][vc_btn title=&#8221;Reservar&#8221; style=&#8221;classic&#8221; align=&#8221;center&#8221; button_block=&#8221;true&#8221; custom_onclick=&#8221;true&#8221; link=&#8221;url:%23reservar&#8221; custom_onclick_code=&#8221;document.querySelector(&#8216;.pack-select select&#8217;).selectedIndex [&hellip;]<\/p>\n","protected":false},"author":1,"featured_media":0,"parent":0,"menu_order":0,"comment_status":"closed","ping_status":"closed","template":"template\/template-homepage.php","meta":{"inline_featured_image":false,"footnotes":"","_joinchat":[]},"_links":{"self":[{"href":"https:\/\/vila-catarina.com\/pt\/wp-json\/wp\/v2\/pages\/3348"}],"collection":[{"href":"https:\/\/vila-catarina.com\/pt\/wp-json\/wp\/v2\/pages"}],"about":[{"href":"https:\/\/vila-catarina.com\/pt\/wp-json\/wp\/v2\/types\/page"}],"author":[{"embeddable":true,"href":"https:\/\/vila-catarina.com\/pt\/wp-json\/wp\/v2\/users\/1"}],"replies":[{"embeddable":true,"href":"https:\/\/vila-catarina.com\/pt\/wp-json\/wp\/v2\/comments?post=3348"}],"version-history":[{"count":108,"href":"https:\/\/vila-catarina.com\/pt\/wp-json\/wp\/v2\/pages\/3348\/revisions"}],"predecessor-version":[{"id":3855,"href":"https:\/\/vila-catarina.com\/pt\/wp-json\/wp\/v2\/pages\/3348\/revisions\/3855"}],"wp:attachment":[{"href":"https:\/\/vila-catarina.com\/pt\/wp-json\/wp\/v2\/media?parent=3348"}],"curies":[{"name":"wp","href":"https:\/\/api.w.org\/{rel}","templated":true}]}}