{"id":3237,"date":"2024-09-07T15:53:33","date_gmt":"2024-09-07T15:53:33","guid":{"rendered":"https:\/\/vila-catarina.com\/?page_id=3237"},"modified":"2025-10-28T11:32:26","modified_gmt":"2025-10-28T11:32:26","slug":"amenities","status":"publish","type":"page","link":"https:\/\/vila-catarina.com\/pt\/amenities\/","title":{"rendered":"AMENITIES"},"content":{"rendered":"<p>[vc_row][vc_column]<div style=\"clear:both; width:100%; height:50px\"><\/div>[\/vc_column][\/vc_row][vc_row equal_height=&#8221;yes&#8221; el_class=&#8221;comodidades&#8221;][vc_column width=&#8221;1\/3&#8243;]\t\t<div class=\"item-promo\">\r\n\t\t\t<div class=\"media\">\r\n\t\t\t\t\t\t\t\t<div class=\"item-promo-image\">\r\n\t\t\t\t\t<div class=\"item-media item-media-thumb\">\r\n\t\t\t\t\t\t<a href=\"\">\r\n\t\t\t\t\t\t\t<img loading=\"lazy\" decoding=\"async\" width=\"1814\" height=\"1207\" src=\"https:\/\/vila-catarina.com\/wp-content\/uploads\/2025\/10\/Z15_7779.webp\" class=\"img-responsive\" alt=\"\" srcset=\"https:\/\/vila-catarina.com\/wp-content\/uploads\/2025\/10\/Z15_7779.webp 1814w, https:\/\/vila-catarina.com\/wp-content\/uploads\/2025\/10\/Z15_7779-300x200.webp 300w, https:\/\/vila-catarina.com\/wp-content\/uploads\/2025\/10\/Z15_7779-1024x681.webp 1024w, https:\/\/vila-catarina.com\/wp-content\/uploads\/2025\/10\/Z15_7779-768x511.webp 768w, https:\/\/vila-catarina.com\/wp-content\/uploads\/2025\/10\/Z15_7779-1536x1022.webp 1536w, https:\/\/vila-catarina.com\/wp-content\/uploads\/2025\/10\/Z15_7779-450x300.webp 450w, https:\/\/vila-catarina.com\/wp-content\/uploads\/2025\/10\/Z15_7779-1140x760.webp 1140w, https:\/\/vila-catarina.com\/wp-content\/uploads\/2025\/10\/Z15_7779-120x80.webp 120w, https:\/\/vila-catarina.com\/wp-content\/uploads\/2025\/10\/Z15_7779-751x500.webp 751w\" sizes=\"(max-width: 1814px) 100vw, 1814px\" \/>\t\t\t\t\t\t<\/a>\r\n\t\t\t\t\t<\/div>\r\n\t\t\t\t<\/div>\r\n\t\t\t\t\t\t\t\t<div class=\"media-body item-body\">\r\n\t\t\t\t\t<div class=\"item-title-head\">\r\n\t\t\t\t\t\t<div class=\"text-left\">\r\n\t\t\t\t\t\t\t<h2 class=\"title\">\r\n\t\t\t\t\t\t\t\t<a href=\"\">Piscina<\/a>\r\n\t\t\t\t\t\t\t<\/h2>\r\n\t\t\t\t\t\t\t<\/p>\n<p class=\"p1\">Piscina exterior com espregui\u00e7adeiras relaxantes<\/p>\n<p>\t\t\t\t\t\t<\/div>\r\n\t\t\t\t\t<\/div>\r\n\t\t\t\t\t\t\t\t\t<\/div>\r\n\t\t\t<\/div>\r\n\t\t<\/div>\r\n\r\n\t\t[\/vc_column][vc_column width=&#8221;1\/3&#8243;]\t\t<div class=\"item-promo\">\r\n\t\t\t<div class=\"media\">\r\n\t\t\t\t\t\t\t\t<div class=\"item-promo-image\">\r\n\t\t\t\t\t<div class=\"item-media item-media-thumb\">\r\n\t\t\t\t\t\t<a href=\"\">\r\n\t\t\t\t\t\t\t<img loading=\"lazy\" decoding=\"async\" width=\"1814\" height=\"1207\" src=\"https:\/\/vila-catarina.com\/wp-content\/uploads\/2025\/10\/Z15_7128.webp\" class=\"img-responsive\" alt=\"\" srcset=\"https:\/\/vila-catarina.com\/wp-content\/uploads\/2025\/10\/Z15_7128.webp 1814w, https:\/\/vila-catarina.com\/wp-content\/uploads\/2025\/10\/Z15_7128-300x200.webp 300w, https:\/\/vila-catarina.com\/wp-content\/uploads\/2025\/10\/Z15_7128-1024x681.webp 1024w, https:\/\/vila-catarina.com\/wp-content\/uploads\/2025\/10\/Z15_7128-768x511.webp 768w, https:\/\/vila-catarina.com\/wp-content\/uploads\/2025\/10\/Z15_7128-1536x1022.webp 1536w, https:\/\/vila-catarina.com\/wp-content\/uploads\/2025\/10\/Z15_7128-450x300.webp 450w, https:\/\/vila-catarina.com\/wp-content\/uploads\/2025\/10\/Z15_7128-1140x760.webp 1140w, https:\/\/vila-catarina.com\/wp-content\/uploads\/2025\/10\/Z15_7128-120x80.webp 120w, https:\/\/vila-catarina.com\/wp-content\/uploads\/2025\/10\/Z15_7128-751x500.webp 751w\" sizes=\"(max-width: 1814px) 100vw, 1814px\" \/>\t\t\t\t\t\t<\/a>\r\n\t\t\t\t\t<\/div>\r\n\t\t\t\t<\/div>\r\n\t\t\t\t\t\t\t\t<div class=\"media-body item-body\">\r\n\t\t\t\t\t<div class=\"item-title-head\">\r\n\t\t\t\t\t\t<div class=\"text-left\">\r\n\t\t\t\t\t\t\t<h2 class=\"title\">\r\n\t\t\t\t\t\t\t\t<a href=\"\">Sauna e Banho Turco<\/a>\r\n\t\t\t\t\t\t\t<\/h2>\r\n\t\t\t\t\t\t\t<\/p>\n<p class=\"p1\">Acesso gratuito \u00e0 Sauna e Banho turco e \u00e1rea de relaxamento.<\/p>\n<p>\t\t\t\t\t\t<\/div>\r\n\t\t\t\t\t<\/div>\r\n\t\t\t\t\t\t\t\t\t<\/div>\r\n\t\t\t<\/div>\r\n\t\t<\/div>\r\n\r\n\t\t[\/vc_column][vc_column width=&#8221;1\/3&#8243;]\t\t<div class=\"item-promo\">\r\n\t\t\t<div class=\"media\">\r\n\t\t\t\t\t\t\t\t<div class=\"item-promo-image\">\r\n\t\t\t\t\t<div class=\"item-media item-media-thumb\">\r\n\t\t\t\t\t\t<a href=\"\">\r\n\t\t\t\t\t\t\t<img loading=\"lazy\" decoding=\"async\" width=\"2560\" height=\"1703\" src=\"https:\/\/vila-catarina.com\/wp-content\/uploads\/2025\/10\/Z15_3037-scaled.webp\" class=\"img-responsive\" alt=\"\" srcset=\"https:\/\/vila-catarina.com\/wp-content\/uploads\/2025\/10\/Z15_3037-scaled.webp 2560w, https:\/\/vila-catarina.com\/wp-content\/uploads\/2025\/10\/Z15_3037-300x200.webp 300w, https:\/\/vila-catarina.com\/wp-content\/uploads\/2025\/10\/Z15_3037-1024x681.webp 1024w, https:\/\/vila-catarina.com\/wp-content\/uploads\/2025\/10\/Z15_3037-768x511.webp 768w, https:\/\/vila-catarina.com\/wp-content\/uploads\/2025\/10\/Z15_3037-1536x1022.webp 1536w, https:\/\/vila-catarina.com\/wp-content\/uploads\/2025\/10\/Z15_3037-2048x1363.webp 2048w, https:\/\/vila-catarina.com\/wp-content\/uploads\/2025\/10\/Z15_3037-450x300.webp 450w, https:\/\/vila-catarina.com\/wp-content\/uploads\/2025\/10\/Z15_3037-120x80.webp 120w, https:\/\/vila-catarina.com\/wp-content\/uploads\/2025\/10\/Z15_3037-751x500.webp 751w\" sizes=\"(max-width: 2560px) 100vw, 2560px\" \/>\t\t\t\t\t\t<\/a>\r\n\t\t\t\t\t<\/div>\r\n\t\t\t\t<\/div>\r\n\t\t\t\t\t\t\t\t<div class=\"media-body item-body\">\r\n\t\t\t\t\t<div class=\"item-title-head\">\r\n\t\t\t\t\t\t<div class=\"text-left\">\r\n\t\t\t\t\t\t\t<h2 class=\"title\">\r\n\t\t\t\t\t\t\t\t<a href=\"\">Gin\u00e1sio<\/a>\r\n\t\t\t\t\t\t\t<\/h2>\r\n\t\t\t\t\t\t\t<\/p>\n<p class=\"p1\">Acesso gr\u00e1tis ao gin\u00e1sio com passadeira, el\u00edptica, TRX e outros<\/p>\n<p>\t\t\t\t\t\t<\/div>\r\n\t\t\t\t\t<\/div>\r\n\t\t\t\t\t\t\t\t\t<\/div>\r\n\t\t\t<\/div>\r\n\t\t<\/div>\r\n\r\n\t\t[\/vc_column][\/vc_row][vc_row equal_height=&#8221;yes&#8221; el_class=&#8221;comodidades&#8221;][vc_column width=&#8221;1\/3&#8243;]\t\t<div class=\"item-promo\">\r\n\t\t\t<div class=\"media\">\r\n\t\t\t\t\t\t\t\t<div class=\"item-promo-image\">\r\n\t\t\t\t\t<div class=\"item-media item-media-thumb\">\r\n\t\t\t\t\t\t<a href=\"\">\r\n\t\t\t\t\t\t\t<img loading=\"lazy\" decoding=\"async\" width=\"2200\" height=\"1519\" src=\"https:\/\/vila-catarina.com\/wp-content\/uploads\/2025\/10\/Z15_5381.webp\" class=\"img-responsive\" alt=\"\" srcset=\"https:\/\/vila-catarina.com\/wp-content\/uploads\/2025\/10\/Z15_5381.webp 2200w, https:\/\/vila-catarina.com\/wp-content\/uploads\/2025\/10\/Z15_5381-300x207.webp 300w, https:\/\/vila-catarina.com\/wp-content\/uploads\/2025\/10\/Z15_5381-1024x707.webp 1024w, https:\/\/vila-catarina.com\/wp-content\/uploads\/2025\/10\/Z15_5381-768x530.webp 768w, https:\/\/vila-catarina.com\/wp-content\/uploads\/2025\/10\/Z15_5381-1536x1061.webp 1536w, https:\/\/vila-catarina.com\/wp-content\/uploads\/2025\/10\/Z15_5381-2048x1414.webp 2048w, https:\/\/vila-catarina.com\/wp-content\/uploads\/2025\/10\/Z15_5381-724x500.webp 724w\" sizes=\"(max-width: 2200px) 100vw, 2200px\" \/>\t\t\t\t\t\t<\/a>\r\n\t\t\t\t\t<\/div>\r\n\t\t\t\t<\/div>\r\n\t\t\t\t\t\t\t\t<div class=\"media-body item-body\">\r\n\t\t\t\t\t<div class=\"item-title-head\">\r\n\t\t\t\t\t\t<div class=\"text-left\">\r\n\t\t\t\t\t\t\t<h2 class=\"title\">\r\n\t\t\t\t\t\t\t\t<a href=\"\">Pequeno-almo\u00e7o<\/a>\r\n\t\t\t\t\t\t\t<\/h2>\r\n\t\t\t\t\t\t\t<\/p>\n<p class=\"p1\">Pequeno-almo\u00e7o continental entregue no seu apartamento.<\/p>\n<p>\t\t\t\t\t\t<\/div>\r\n\t\t\t\t\t<\/div>\r\n\t\t\t\t\t\t\t\t\t<\/div>\r\n\t\t\t<\/div>\r\n\t\t<\/div>\r\n\r\n\t\t[\/vc_column][vc_column width=&#8221;1\/3&#8243;]\t\t<div class=\"item-promo\">\r\n\t\t\t<div class=\"media\">\r\n\t\t\t\t\t\t\t\t<div class=\"item-promo-image\">\r\n\t\t\t\t\t<div class=\"item-media item-media-thumb\">\r\n\t\t\t\t\t\t<a href=\"\">\r\n\t\t\t\t\t\t\t<img loading=\"lazy\" decoding=\"async\" width=\"2560\" height=\"1703\" src=\"https:\/\/vila-catarina.com\/wp-content\/uploads\/2025\/10\/IMG_3352-scaled.jpg\" class=\"img-responsive\" alt=\"\" srcset=\"https:\/\/vila-catarina.com\/wp-content\/uploads\/2025\/10\/IMG_3352-scaled.jpg 2560w, https:\/\/vila-catarina.com\/wp-content\/uploads\/2025\/10\/IMG_3352-300x200.jpg 300w, https:\/\/vila-catarina.com\/wp-content\/uploads\/2025\/10\/IMG_3352-1024x681.jpg 1024w, https:\/\/vila-catarina.com\/wp-content\/uploads\/2025\/10\/IMG_3352-768x511.jpg 768w, https:\/\/vila-catarina.com\/wp-content\/uploads\/2025\/10\/IMG_3352-1536x1022.jpg 1536w, https:\/\/vila-catarina.com\/wp-content\/uploads\/2025\/10\/IMG_3352-2048x1363.jpg 2048w, https:\/\/vila-catarina.com\/wp-content\/uploads\/2025\/10\/IMG_3352-450x300.jpg 450w, https:\/\/vila-catarina.com\/wp-content\/uploads\/2025\/10\/IMG_3352-120x80.jpg 120w, https:\/\/vila-catarina.com\/wp-content\/uploads\/2025\/10\/IMG_3352-751x500.jpg 751w\" sizes=\"(max-width: 2560px) 100vw, 2560px\" \/>\t\t\t\t\t\t<\/a>\r\n\t\t\t\t\t<\/div>\r\n\t\t\t\t<\/div>\r\n\t\t\t\t\t\t\t\t<div class=\"media-body item-body\">\r\n\t\t\t\t\t<div class=\"item-title-head\">\r\n\t\t\t\t\t\t<div class=\"text-left\">\r\n\t\t\t\t\t\t\t<h2 class=\"title\">\r\n\t\t\t\t\t\t\t\t<a href=\"\">Sala e espa\u00e7o Cowork<\/a>\r\n\t\t\t\t\t\t\t<\/h2>\r\n\t\t\t\t\t\t\t<\/p>\n<p class=\"p1\">Acesso gr\u00e1tis \u00e0 sala de estar e ao espa\u00e7o de cowork.<\/p>\n<p>\t\t\t\t\t\t<\/div>\r\n\t\t\t\t\t<\/div>\r\n\t\t\t\t\t\t\t\t\t<\/div>\r\n\t\t\t<\/div>\r\n\t\t<\/div>\r\n\r\n\t\t[\/vc_column][vc_column width=&#8221;1\/3&#8243;]\t\t<div class=\"item-promo\">\r\n\t\t\t<div class=\"media\">\r\n\t\t\t\t\t\t\t\t<div class=\"item-promo-image\">\r\n\t\t\t\t\t<div class=\"item-media item-media-thumb\">\r\n\t\t\t\t\t\t<a href=\"\">\r\n\t\t\t\t\t\t\t<img loading=\"lazy\" decoding=\"async\" width=\"2560\" height=\"1703\" src=\"https:\/\/vila-catarina.com\/wp-content\/uploads\/2025\/10\/Z15_4527-scaled.webp\" class=\"img-responsive\" alt=\"\" srcset=\"https:\/\/vila-catarina.com\/wp-content\/uploads\/2025\/10\/Z15_4527-scaled.webp 2560w, https:\/\/vila-catarina.com\/wp-content\/uploads\/2025\/10\/Z15_4527-300x200.webp 300w, https:\/\/vila-catarina.com\/wp-content\/uploads\/2025\/10\/Z15_4527-1024x681.webp 1024w, https:\/\/vila-catarina.com\/wp-content\/uploads\/2025\/10\/Z15_4527-768x511.webp 768w, https:\/\/vila-catarina.com\/wp-content\/uploads\/2025\/10\/Z15_4527-1536x1022.webp 1536w, https:\/\/vila-catarina.com\/wp-content\/uploads\/2025\/10\/Z15_4527-2048x1363.webp 2048w, https:\/\/vila-catarina.com\/wp-content\/uploads\/2025\/10\/Z15_4527-450x300.webp 450w, https:\/\/vila-catarina.com\/wp-content\/uploads\/2025\/10\/Z15_4527-120x80.webp 120w, https:\/\/vila-catarina.com\/wp-content\/uploads\/2025\/10\/Z15_4527-751x500.webp 751w\" sizes=\"(max-width: 2560px) 100vw, 2560px\" \/>\t\t\t\t\t\t<\/a>\r\n\t\t\t\t\t<\/div>\r\n\t\t\t\t<\/div>\r\n\t\t\t\t\t\t\t\t<div class=\"media-body item-body\">\r\n\t\t\t\t\t<div class=\"item-title-head\">\r\n\t\t\t\t\t\t<div class=\"text-left\">\r\n\t\t\t\t\t\t\t<h2 class=\"title\">\r\n\t\t\t\t\t\t\t\t<a href=\"\">Estacionamento<\/a>\r\n\t\t\t\t\t\t\t<\/h2>\r\n\t\t\t\t\t\t\t<\/p>\n<p class=\"p1\">Estacionamento privado dispon\u00edvel (15\u20ac\/dia).<\/p>\n<p>\t\t\t\t\t\t<\/div>\r\n\t\t\t\t\t<\/div>\r\n\t\t\t\t\t\t\t\t\t<\/div>\r\n\t\t\t<\/div>\r\n\t\t<\/div>\r\n\r\n\t\t[\/vc_column][\/vc_row]<\/p>\n","protected":false},"excerpt":{"rendered":"<p>[vc_row][vc_column][\/vc_column][\/vc_row][vc_row equal_height=&#8221;yes&#8221; el_class=&#8221;comodidades&#8221;][vc_column width=&#8221;1\/3&#8243;][\/vc_column][vc_column width=&#8221;1\/3&#8243;][\/vc_column][vc_column width=&#8221;1\/3&#8243;][\/vc_column][\/vc_row][vc_row equal_height=&#8221;yes&#8221; el_class=&#8221;comodidades&#8221;][vc_column width=&#8221;1\/3&#8243;][\/vc_column][vc_column width=&#8221;1\/3&#8243;][\/vc_column][vc_column width=&#8221;1\/3&#8243;][\/vc_column][\/vc_row]<\/p>\n","protected":false},"author":1,"featured_media":0,"parent":0,"menu_order":0,"comment_status":"closed","ping_status":"closed","template":"template\/template-homepage.php","meta":{"inline_featured_image":false,"footnotes":"","_joinchat":[]},"_links":{"self":[{"href":"https:\/\/vila-catarina.com\/pt\/wp-json\/wp\/v2\/pages\/3237"}],"collection":[{"href":"https:\/\/vila-catarina.com\/pt\/wp-json\/wp\/v2\/pages"}],"about":[{"href":"https:\/\/vila-catarina.com\/pt\/wp-json\/wp\/v2\/types\/page"}],"author":[{"embeddable":true,"href":"https:\/\/vila-catarina.com\/pt\/wp-json\/wp\/v2\/users\/1"}],"replies":[{"embeddable":true,"href":"https:\/\/vila-catarina.com\/pt\/wp-json\/wp\/v2\/comments?post=3237"}],"version-history":[{"count":30,"href":"https:\/\/vila-catarina.com\/pt\/wp-json\/wp\/v2\/pages\/3237\/revisions"}],"predecessor-version":[{"id":4051,"href":"https:\/\/vila-catarina.com\/pt\/wp-json\/wp\/v2\/pages\/3237\/revisions\/4051"}],"wp:attachment":[{"href":"https:\/\/vila-catarina.com\/pt\/wp-json\/wp\/v2\/media?parent=3237"}],"curies":[{"name":"wp","href":"https:\/\/api.w.org\/{rel}","templated":true}]}}