{"id":1340,"date":"2018-10-25T17:34:23","date_gmt":"2018-10-25T17:34:23","guid":{"rendered":"http:\/\/wordpress-89239-751427.cloudwaysapps.com\/?page_id=1340"},"modified":"2024-09-13T08:04:52","modified_gmt":"2024-09-13T08:04:52","slug":"contactos","status":"publish","type":"page","link":"https:\/\/vila-catarina.com\/pt\/contactos\/","title":{"rendered":"Contact us"},"content":{"rendered":"<p>[vc_row][vc_column]<div style=\"clear:both; width:100%; height:20px\"><\/div>[\/vc_column][\/vc_row][vc_row][vc_column width=&#8221;7\/12&#8243;]\t\t<div class=\"homey-module module-title section-title-module text-left \">\r\n\t\t\t<h2 >Contacte-nos<\/h2>\r\n\r\n\t\t\t<p  class=\"sub-heading\"><\/p>\r\n\t\t<\/div>\r\n\t\t[vc_column_text]<\/p>\n<p class=\"p1\">Tem d\u00favidas sobre pre\u00e7os, ofertas atuais ou acordos especiais?<br \/>\nN\u00e3o hesite em telefonar-nos ou enviar-nos as suas quest\u00f5es atrav\u00e9s do formul\u00e1rio abaixo. Estamos aqui para ajudar!<\/p>\n<p>[\/vc_column_text]<div style=\"clear:both; width:100%; height:30px\"><\/div>\n<div class=\"wpcf7 no-js\" id=\"wpcf7-f1343-o1\" lang=\"en-US\" dir=\"ltr\">\n<div class=\"screen-reader-response\"><p role=\"status\" aria-live=\"polite\" aria-atomic=\"true\"><\/p> <ul><\/ul><\/div>\n<form action=\"\/pt\/wp-json\/wp\/v2\/pages\/1340#wpcf7-f1343-o1\" method=\"post\" class=\"wpcf7-form init\" aria-label=\"Contact form\" novalidate=\"novalidate\" data-status=\"init\">\n<div style=\"display: none;\">\n<input type=\"hidden\" name=\"_wpcf7\" value=\"1343\" \/>\n<input type=\"hidden\" name=\"_wpcf7_version\" value=\"5.9\" \/>\n<input type=\"hidden\" name=\"_wpcf7_locale\" value=\"en_US\" \/>\n<input type=\"hidden\" name=\"_wpcf7_unit_tag\" value=\"wpcf7-f1343-o1\" \/>\n<input type=\"hidden\" name=\"_wpcf7_container_post\" value=\"0\" \/>\n<input type=\"hidden\" name=\"_wpcf7_posted_data_hash\" value=\"\" \/>\n<input type=\"hidden\" name=\"_wpcf7_recaptcha_response\" value=\"\" \/>\n<\/div>\n<div class=\"form-group\">\n\t<p><label class=\"required\" for=\"yourName\">Nome<\/label><br \/>\n<span class=\"wpcf7-form-control-wrap\" data-name=\"your-name\"><input size=\"40\" class=\"wpcf7-form-control wpcf7-text wpcf7-validates-as-required form-control\" aria-required=\"true\" aria-invalid=\"false\" value=\"\" type=\"text\" name=\"your-name\" \/><\/span>\n\t<\/p>\n<\/div>\n<div class=\"form-group\">\n\t<p><label class=\"required\" for=\"yourEmail\">Email<\/label><br \/>\n<span class=\"wpcf7-form-control-wrap\" data-name=\"your-email\"><input size=\"40\" class=\"wpcf7-form-control wpcf7-email wpcf7-validates-as-required wpcf7-text wpcf7-validates-as-email form-control\" aria-required=\"true\" aria-invalid=\"false\" value=\"\" type=\"email\" name=\"your-email\" \/><\/span>\n\t<\/p>\n<\/div>\n<div class=\"form-group\">\n\t<p><label class=\"required\" for=\"yourSubject\">Assunto <\/label><br \/>\n<span class=\"wpcf7-form-control-wrap\" data-name=\"your-subject\"><input size=\"40\" class=\"wpcf7-form-control wpcf7-text wpcf7-validates-as-required form-control\" aria-required=\"true\" aria-invalid=\"false\" value=\"\" type=\"text\" name=\"your-subject\" \/><\/span>\n\t<\/p>\n<\/div>\n<div class=\"form-group\">\n\t<p><label class=\"required\" for=\"yourMessage\">Mensagem <\/label><br \/>\n<span class=\"wpcf7-form-control-wrap\" data-name=\"your-message\"><textarea cols=\"40\" rows=\"10\" class=\"wpcf7-form-control wpcf7-textarea wpcf7-validates-as-required form-control\" aria-required=\"true\" aria-invalid=\"false\" name=\"your-message\"><\/textarea><\/span>\n\t<\/p>\n<\/div>\n<p><input class=\"wpcf7-form-control wpcf7-submit has-spinner btn btn-primary\" type=\"submit\" value=\"Enviar\" \/>\n<\/p><div class=\"wpcf7-response-output\" aria-hidden=\"true\"><\/div>\n<\/form>\n<\/div>\n[\/vc_column][vc_column width=&#8221;1\/12&#8243;][\/vc_column][vc_column width=&#8221;4\/12&#8243;][vc_column_text css=&#8221;.vc_custom_1724859858385{padding-top: 30px !important;padding-right: 30px !important;padding-bottom: 30px !important;padding-left: 30px !important;background-color: #ffffff !important;}&#8221;]<\/p>\n<h3>Morada<\/h3>\n<p class=\"p1\">Rua Santa Catarina 1305,<br \/>\n4000-477 Porto<\/p>\n<p>[\/vc_column_text][vc_column_text css=&#8221;.vc_custom_1724860555768{padding-top: 30px !important;padding-right: 30px !important;padding-bottom: 30px !important;padding-left: 30px !important;background-color: #ffffff !important;}&#8221;]<\/p>\n<h3>Contacto Direto<\/h3>\n<p><strong>Telefone<\/strong>:<br \/>\n(+351) 932 603 202 \/ (+351) 932 603 235<br \/>\nCusto de uma chamada para rede m\u00f3vel nacional<\/p>\n<p><strong>WhatsApp<\/strong>:<br \/>\n(+351) 932\u00a0603\u00a0202 \/ (+351) 932\u00a0603\u00a0235<\/p>\n<p><strong>Email<\/strong>:<br \/>\nreservations@vila-catarina.com[\/vc_column_text][\/vc_column][\/vc_row][vc_row][vc_column]<div style=\"clear:both; width:100%; height:50px\"><\/div>[\/vc_column][\/vc_row][vc_row full_width=&#8221;stretch_row_content_no_spaces&#8221;][vc_column][vc_gmaps link=&#8221;#E-8_JTNDaWZyYW1lJTIwc3JjJTNEJTIyaHR0cHMlM0ElMkYlMkZ3d3cuZ29vZ2xlLmNvbSUyRm1hcHMlMkZlbWJlZCUzRnBiJTNEJTIxMW0xOCUyMTFtMTIlMjExbTMlMjExZDI5ODUuNTM5NDUwMDE5OTY4JTIxMmQtOC40MDE0MDU2ODM3MTM0OCUyMTNkNDEuNTU3NTY4MDc5MjQ5MSUyMTJtMyUyMTFmMCUyMTJmMCUyMTNmMCUyMTNtMiUyMTFpMTAyNCUyMTJpNzY4JTIxNGYxMy4xJTIxM20zJTIxMW0yJTIxMXMweGQyNGZmNDk4Y2E0MjBjNyUyNTNBMHg2OTkwYTJkOWUxOWU0ZDdkJTIxMnNZbm5vdkJvb2tpbmclMjVDMiUyNUFFJTIxNWUwJTIxM20yJTIxMXNwdC1QVCUyMTJzcHQlMjE0djE2MTI5NzM0NTU3OTAlMjE1bTIlMjExc3B0LVBUJTIxMnNwdCUyMiUyMHdpZHRoJTNEJTIyNjAwJTIyJTIwaGVpZ2h0JTNEJTIyNDUwJTIyJTIwZnJhbWVib3JkZXIlM0QlMjIwJTIyJTIwc3R5bGUlM0QlMjJib3JkZXIlM0EwJTNCJTIyJTIwYWxsb3dmdWxsc2NyZWVuJTNEJTIyJTIyJTIwYXJpYS1oaWRkZW4lM0QlMjJmYWxzZSUyMiUyMHRhYmluZGV4JTNEJTIyMCUyMiUzRSUzQyUyRmlmcmFtZSUzRQ==&#8221;][\/vc_column][\/vc_row]<\/p>\n","protected":false},"excerpt":{"rendered":"<p>[vc_row][vc_column][\/vc_column][\/vc_row][vc_row][vc_column width=&#8221;7\/12&#8243;][vc_column_text] Tem d\u00favidas sobre pre\u00e7os, ofertas atuais ou acordos especiais? N\u00e3o hesite em telefonar-nos ou enviar-nos as suas quest\u00f5es atrav\u00e9s do formul\u00e1rio abaixo. Estamos aqui para ajudar! [\/vc_column_text][\/vc_column][vc_column width=&#8221;1\/12&#8243;][\/vc_column][vc_column width=&#8221;4\/12&#8243;][vc_column_text css=&#8221;.vc_custom_1724859858385{padding-top: 30px !important;padding-right: 30px !important;padding-bottom: 30px !important;padding-left: 30px !important;background-color: #ffffff !important;}&#8221;] Morada Rua Santa Catarina 1305, 4000-477 Porto [\/vc_column_text][vc_column_text css=&#8221;.vc_custom_1724860555768{padding-top: 30px !important;padding-right: 30px !important;padding-bottom: [&hellip;]<\/p>\n","protected":false},"author":1,"featured_media":0,"parent":0,"menu_order":0,"comment_status":"closed","ping_status":"closed","template":"template\/template-homepage.php","meta":{"inline_featured_image":false,"footnotes":"","_joinchat":[]},"_links":{"self":[{"href":"https:\/\/vila-catarina.com\/pt\/wp-json\/wp\/v2\/pages\/1340"}],"collection":[{"href":"https:\/\/vila-catarina.com\/pt\/wp-json\/wp\/v2\/pages"}],"about":[{"href":"https:\/\/vila-catarina.com\/pt\/wp-json\/wp\/v2\/types\/page"}],"author":[{"embeddable":true,"href":"https:\/\/vila-catarina.com\/pt\/wp-json\/wp\/v2\/users\/1"}],"replies":[{"embeddable":true,"href":"https:\/\/vila-catarina.com\/pt\/wp-json\/wp\/v2\/comments?post=1340"}],"version-history":[{"count":16,"href":"https:\/\/vila-catarina.com\/pt\/wp-json\/wp\/v2\/pages\/1340\/revisions"}],"predecessor-version":[{"id":2936,"href":"https:\/\/vila-catarina.com\/pt\/wp-json\/wp\/v2\/pages\/1340\/revisions\/2936"}],"wp:attachment":[{"href":"https:\/\/vila-catarina.com\/pt\/wp-json\/wp\/v2\/media?parent=1340"}],"curies":[{"name":"wp","href":"https:\/\/api.w.org\/{rel}","templated":true}]}}